{"id":26,"date":"2024-11-03T15:05:29","date_gmt":"2024-11-03T14:05:29","guid":{"rendered":"https:\/\/analyse-schmitt-kollektiv.de\/?page_id=26"},"modified":"2025-08-19T09:35:24","modified_gmt":"2025-08-19T07:35:24","slug":"projekte","status":"publish","type":"page","link":"https:\/\/analyse-schmitt-kollektiv.de\/en\/projekte\/","title":{"rendered":"projects"},"content":{"rendered":"<div id='av_section_1'  class='avia-section av-pz1u-10dab7e866dba5085b7b0735e5ec2468 main_color avia-section-default avia-no-border-styling  avia-builder-el-0  avia-builder-el-no-sibling  avia-bg-style-scroll container_wrap fullsize'  ><div class='container av-section-cont-open' ><main  role=\"main\" itemprop=\"mainContentOfPage\"  class='template-page content  av-content-full alpha units'><div class='post-entry post-entry-type-page post-entry-26'><div class='entry-content-wrapper clearfix'>\n<section  class='av_textblock_section av-m4hfbfw4-93340f4a932ec7e735fae89644e27a40'   itemscope=\"itemscope\" itemtype=\"https:\/\/schema.org\/CreativeWork\" ><div class='avia_textblock'  itemprop=\"text\" ><h1>Unsere Projekte<\/h1>\n<\/div><\/section>\n<div  data-slideshow-options=\"{&quot;animation&quot;:&quot;fade&quot;,&quot;autoplay&quot;:false,&quot;loop_autoplay&quot;:&quot;once&quot;,&quot;interval&quot;:&quot;5&quot;,&quot;loop_manual&quot;:&quot;manual-endless&quot;,&quot;autoplay_stopper&quot;:false,&quot;noNavigation&quot;:true,&quot;show_slide_delay&quot;:90}\" class='avia-content-slider avia-content-slider-active avia-content-slider1 avia-content-slider-even  avia-builder-el-2  el_after_av_textblock  avia-builder-el-last  av-slideshow-ui av-control-hidden   av-no-slider-navigation av-hide-nav-arrows av-slideshow-manual av-loop-once av-loop-manual-endless'  itemscope=\"itemscope\" itemtype=\"https:\/\/schema.org\/Blog\" ><div class=\"avia-content-slider-inner\"><div class=\"slide-entry-wrap\"><article class='slide-entry flex_column  post-entry post-entry-1092 slide-entry-overview slide-loop-1 slide-parity-odd  av_one_fourth first real-thumbnail posttype-post post-format-standard'  itemscope=\"itemscope\" itemtype=\"https:\/\/schema.org\/CreativeWork\" ><a href='https:\/\/analyse-schmitt-kollektiv.de\/en\/projekte\/einsamkeit\/' data-rel='slide-1' class='slide-image' title='Stilles Leid &#8211; Einsamkeit'><img decoding=\"async\" fetchpriority=\"high\" width=\"260\" height=\"185\" src=\"https:\/\/analyse-schmitt-kollektiv.de\/wp-content\/uploads\/2026\/02\/20241213_098_es_brennt_Werkraum-260x185.jpg\" class=\"wp-image-1093 avia-img-lazy-loading-not-1093 attachment-portfolio_small size-portfolio_small wp-post-image\" alt=\"\" srcset=\"https:\/\/analyse-schmitt-kollektiv.de\/wp-content\/uploads\/2026\/02\/20241213_098_es_brennt_Werkraum-260x185.jpg 260w, https:\/\/analyse-schmitt-kollektiv.de\/wp-content\/uploads\/2026\/02\/20241213_098_es_brennt_Werkraum-18x12.jpg 18w\" sizes=\"(max-width: 260px) 100vw, 260px\" \/><\/a><div class=\"slide-content\"><header class=\"entry-content-header\"><span class=\"blog-categories minor-meta\"><a href=\"https:\/\/analyse-schmitt-kollektiv.de\/en\/projekte\/category\/allgemein\/\" rel=\"tag\">Allgemein<\/a> <\/span><h3 class='slide-entry-title entry-title'  itemprop=\"headline\" ><a href='https:\/\/analyse-schmitt-kollektiv.de\/en\/projekte\/einsamkeit\/' title='Stilles Leid &#8211; Einsamkeit'>QUIET SUFFERING \u2013 LONELINESS<\/a><\/h3><span class=\"av-vertical-delimiter\"><\/span><\/header><div class='slide-entry-excerpt entry-content'  itemprop=\"text\" >A performance developed with a group of adults (60+) at Werkraum Karlsruhe on the theme of loneliness.<div class=\"read-more-link\"><a href=\"https:\/\/analyse-schmitt-kollektiv.de\/en\/projekte\/einsamkeit\/\" class=\"more-link\">Read more<span class=\"more-link-arrow\"><\/span><\/a><\/div><\/div><\/div><footer class=\"entry-footer\"><div class=\"slide-meta\"><time class='slide-meta-time updated'  itemprop=\"datePublished\" datetime=\"2026-02-22T13:00:57+01:00\" >22. February 2026<\/time><\/div><\/footer><span class='hidden'>\n\t\t\t\t<span class='av-structured-data'  itemprop=\"image\" itemscope=\"itemscope\" itemtype=\"https:\/\/schema.org\/ImageObject\" >\n\t\t\t\t\t\t<span itemprop='url'>https:\/\/analyse-schmitt-kollektiv.de\/wp-content\/uploads\/2026\/02\/20241213_098_es_brennt_Werkraum.jpg<\/span>\n\t\t\t\t\t\t<span itemprop='height'>1280<\/span>\n\t\t\t\t\t\t<span itemprop='width'>1920<\/span>\n\t\t\t\t<\/span>\n\t\t\t\t<span class='av-structured-data'  itemprop=\"publisher\" itemtype=\"https:\/\/schema.org\/Organization\" itemscope=\"itemscope\" >\n\t\t\t\t\t\t<span itemprop='name'>Janina Haring<\/span>\n\t\t\t\t\t\t<span itemprop='logo' itemscope itemtype='https:\/\/schema.org\/ImageObject'>\n\t\t\t\t\t\t\t<span itemprop='url'>https:\/\/analyse-schmitt-kollektiv.de\/wp-content\/uploads\/2024\/11\/logo-analyse-schmitt-final-zugeschnitten-300x205.png<\/span>\n\t\t\t\t\t\t<\/span>\n\t\t\t\t<\/span><span class='av-structured-data'  itemprop=\"author\" itemscope=\"itemscope\" itemtype=\"https:\/\/schema.org\/Person\" ><span itemprop='name'>Janina Haring<\/span><\/span><span class='av-structured-data'  itemprop=\"datePublished\" datetime=\"2024-11-03T15:05:29+01:00\" >2026-02-22 13:00:57<\/span><span class='av-structured-data'  itemprop=\"dateModified\" itemtype=\"https:\/\/schema.org\/dateModified\" >2026-04-02 13:03:32<\/span><span class='av-structured-data'  itemprop=\"mainEntityOfPage\" itemtype=\"https:\/\/schema.org\/mainEntityOfPage\" ><span itemprop='name'>QUIET SUFFERING \u2013 LONELINESS<\/span><\/span><\/span><\/article><article class='slide-entry flex_column  post-entry post-entry-496 slide-entry-overview slide-loop-2 slide-parity-even  av_one_fourth  real-thumbnail posttype-post post-format-standard'  itemscope=\"itemscope\" itemtype=\"https:\/\/schema.org\/CreativeWork\" ><a href='https:\/\/analyse-schmitt-kollektiv.de\/en\/projekte\/orlando\/' data-rel='slide-1' class='slide-image' title='Orlando'><img decoding=\"async\" fetchpriority=\"high\" width=\"260\" height=\"185\" src=\"https:\/\/analyse-schmitt-kollektiv.de\/wp-content\/uploads\/2025\/10\/Orlando_Ankuendigungsfoto_analyseschmittkollektiv-260x185.jpg\" class=\"wp-image-576 avia-img-lazy-loading-not-576 attachment-portfolio_small size-portfolio_small wp-post-image\" alt=\"\" srcset=\"https:\/\/analyse-schmitt-kollektiv.de\/wp-content\/uploads\/2025\/10\/Orlando_Ankuendigungsfoto_analyseschmittkollektiv-260x185.jpg 260w, https:\/\/analyse-schmitt-kollektiv.de\/wp-content\/uploads\/2025\/10\/Orlando_Ankuendigungsfoto_analyseschmittkollektiv-18x12.jpg 18w\" sizes=\"(max-width: 260px) 100vw, 260px\" \/><\/a><div class=\"slide-content\"><header class=\"entry-content-header\"><span class=\"blog-categories minor-meta\"><a href=\"https:\/\/analyse-schmitt-kollektiv.de\/en\/projekte\/category\/allgemein\/\" rel=\"tag\">Allgemein<\/a> <\/span><h3 class='slide-entry-title entry-title'  itemprop=\"headline\" ><a href='https:\/\/analyse-schmitt-kollektiv.de\/en\/projekte\/orlando\/' title='Orlando'>Orlando<\/a><\/h3><span class=\"av-vertical-delimiter\"><\/span><\/header><div class='slide-entry-excerpt entry-content'  itemprop=\"text\" >A monologue theatre piece exploring identity, inspired by Virginia Woolf\u2019s Orlando, created to be performed in almost any setting.<div class=\"read-more-link\"><a href=\"https:\/\/analyse-schmitt-kollektiv.de\/en\/projekte\/orlando\/\" class=\"more-link\">Read more<span class=\"more-link-arrow\"><\/span><\/a><\/div><\/div><\/div><footer class=\"entry-footer\"><div class=\"slide-meta\"><time class='slide-meta-time updated'  itemprop=\"datePublished\" datetime=\"2025-09-25T13:41:43+02:00\" >25. September 2025<\/time><div class=\"slide-meta-del\">\/<\/div><div class=\"slide-meta-comments\"><a href='https:\/\/analyse-schmitt-kollektiv.de\/en\/projekte\/orlando\/#comments'>1 Comment<\/a><\/div><\/div><\/footer><span class='hidden'>\n\t\t\t\t<span class='av-structured-data'  itemprop=\"image\" itemscope=\"itemscope\" itemtype=\"https:\/\/schema.org\/ImageObject\" >\n\t\t\t\t\t\t<span itemprop='url'>https:\/\/analyse-schmitt-kollektiv.de\/wp-content\/uploads\/2025\/10\/Orlando_Ankuendigungsfoto_analyseschmittkollektiv.jpg<\/span>\n\t\t\t\t\t\t<span itemprop='height'>853<\/span>\n\t\t\t\t\t\t<span itemprop='width'>1280<\/span>\n\t\t\t\t<\/span>\n\t\t\t\t<span class='av-structured-data'  itemprop=\"publisher\" itemtype=\"https:\/\/schema.org\/Organization\" itemscope=\"itemscope\" >\n\t\t\t\t\t\t<span itemprop='name'>Janina Haring<\/span>\n\t\t\t\t\t\t<span itemprop='logo' itemscope itemtype='https:\/\/schema.org\/ImageObject'>\n\t\t\t\t\t\t\t<span itemprop='url'>https:\/\/analyse-schmitt-kollektiv.de\/wp-content\/uploads\/2024\/11\/logo-analyse-schmitt-final-zugeschnitten-300x205.png<\/span>\n\t\t\t\t\t\t<\/span>\n\t\t\t\t<\/span><span class='av-structured-data'  itemprop=\"author\" itemscope=\"itemscope\" itemtype=\"https:\/\/schema.org\/Person\" ><span itemprop='name'>Janina Haring<\/span><\/span><span class='av-structured-data'  itemprop=\"datePublished\" datetime=\"2024-11-03T15:05:29+01:00\" >2025-09-25 13:41:43<\/span><span class='av-structured-data'  itemprop=\"dateModified\" itemtype=\"https:\/\/schema.org\/dateModified\" >2026-04-02 13:44:52<\/span><span class='av-structured-data'  itemprop=\"mainEntityOfPage\" itemtype=\"https:\/\/schema.org\/mainEntityOfPage\" ><span itemprop='name'>Orlando<\/span><\/span><\/span><\/article><article class='slide-entry flex_column  post-entry post-entry-500 slide-entry-overview slide-loop-3 slide-parity-odd  av_one_fourth  real-thumbnail posttype-post post-format-standard'  itemscope=\"itemscope\" itemtype=\"https:\/\/schema.org\/CreativeWork\" ><a href='https:\/\/analyse-schmitt-kollektiv.de\/en\/projekte\/maedchenschrift-2\/' data-rel='slide-1' class='slide-image' title='M\u00e4dchenschrift'><img decoding=\"async\" fetchpriority=\"high\" width=\"260\" height=\"185\" src=\"https:\/\/analyse-schmitt-kollektiv.de\/wp-content\/uploads\/2025\/02\/0O1A2405-260x185.jpg\" class=\"wp-image-444 avia-img-lazy-loading-not-444 attachment-portfolio_small size-portfolio_small wp-post-image\" alt=\"\" srcset=\"https:\/\/analyse-schmitt-kollektiv.de\/wp-content\/uploads\/2025\/02\/0O1A2405-260x185.jpg 260w, https:\/\/analyse-schmitt-kollektiv.de\/wp-content\/uploads\/2025\/02\/0O1A2405-18x12.jpg 18w\" sizes=\"(max-width: 260px) 100vw, 260px\" \/><small class='avia-copyright'>Chris Fr\u00fche, Badisches Staatstheater<\/small><\/a><div class=\"slide-content\"><header class=\"entry-content-header\"><span class=\"blog-categories minor-meta\"><a href=\"https:\/\/analyse-schmitt-kollektiv.de\/en\/projekte\/category\/allgemein\/\" rel=\"tag\">Allgemein<\/a> <\/span><h3 class='slide-entry-title entry-title'  itemprop=\"headline\" ><a href='https:\/\/analyse-schmitt-kollektiv.de\/en\/projekte\/maedchenschrift-2\/' title='M\u00e4dchenschrift'>M\u00e4dchenschrift<\/a><\/h3><span class=\"av-vertical-delimiter\"><\/span><\/header><div class='slide-entry-excerpt entry-content'  itemprop=\"text\" >A work by \u00d6zlem \u00d6zg\u00fcl D\u00fcndar, created in collaboration with the ensemble of the Junges Staatstheater Karlsruhe and members of the local community.<div class=\"read-more-link\"><a href=\"https:\/\/analyse-schmitt-kollektiv.de\/en\/projekte\/maedchenschrift-2\/\" class=\"more-link\">Read more<span class=\"more-link-arrow\"><\/span><\/a><\/div><\/div><\/div><footer class=\"entry-footer\"><div class=\"slide-meta\"><time class='slide-meta-time updated'  itemprop=\"datePublished\" datetime=\"2025-09-11T13:33:54+02:00\" >11. September 2025<\/time><div class=\"slide-meta-del\">\/<\/div><div class=\"slide-meta-comments\"><a href='https:\/\/analyse-schmitt-kollektiv.de\/en\/projekte\/maedchenschrift-2\/#comments'>1 Comment<\/a><\/div><\/div><\/footer><span class='hidden'>\n\t\t\t\t<span class='av-structured-data'  itemprop=\"image\" itemscope=\"itemscope\" itemtype=\"https:\/\/schema.org\/ImageObject\" >\n\t\t\t\t\t\t<span itemprop='url'>https:\/\/analyse-schmitt-kollektiv.de\/wp-content\/uploads\/2025\/02\/0O1A2405-scaled.jpg<\/span>\n\t\t\t\t\t\t<span itemprop='height'>1708<\/span>\n\t\t\t\t\t\t<span itemprop='width'>2560<\/span>\n\t\t\t\t<\/span>\n\t\t\t\t<span class='av-structured-data'  itemprop=\"publisher\" itemtype=\"https:\/\/schema.org\/Organization\" itemscope=\"itemscope\" >\n\t\t\t\t\t\t<span itemprop='name'>mariekeweisser<\/span>\n\t\t\t\t\t\t<span itemprop='logo' itemscope itemtype='https:\/\/schema.org\/ImageObject'>\n\t\t\t\t\t\t\t<span itemprop='url'>https:\/\/analyse-schmitt-kollektiv.de\/wp-content\/uploads\/2024\/11\/logo-analyse-schmitt-final-zugeschnitten-300x205.png<\/span>\n\t\t\t\t\t\t<\/span>\n\t\t\t\t<\/span><span class='av-structured-data'  itemprop=\"author\" itemscope=\"itemscope\" itemtype=\"https:\/\/schema.org\/Person\" ><span itemprop='name'>mariekeweisser<\/span><\/span><span class='av-structured-data'  itemprop=\"datePublished\" datetime=\"2024-11-03T15:05:29+01:00\" >2025-09-11 13:33:54<\/span><span class='av-structured-data'  itemprop=\"dateModified\" itemtype=\"https:\/\/schema.org\/dateModified\" >2026-04-02 13:04:56<\/span><span class='av-structured-data'  itemprop=\"mainEntityOfPage\" itemtype=\"https:\/\/schema.org\/mainEntityOfPage\" ><span itemprop='name'>M\u00e4dchenschrift<\/span><\/span><\/span><\/article><article class='slide-entry flex_column  post-entry post-entry-1 slide-entry-overview slide-loop-4 slide-parity-even  post-entry-last  av_one_fourth  real-thumbnail posttype-post post-format-standard'  itemscope=\"itemscope\" itemtype=\"https:\/\/schema.org\/CreativeWork\" ><a href='https:\/\/analyse-schmitt-kollektiv.de\/en\/projekte\/peterpan\/' data-rel='slide-1' class='slide-image' title='Peter Pan'><img decoding=\"async\" fetchpriority=\"high\" width=\"260\" height=\"185\" src=\"https:\/\/analyse-schmitt-kollektiv.de\/wp-content\/uploads\/2024\/11\/PETER-PAN_HP_29-09-21_AKO_0287-260x185.jpg\" class=\"wp-image-68 avia-img-lazy-loading-not-68 attachment-portfolio_small size-portfolio_small wp-post-image\" alt=\"\" srcset=\"https:\/\/analyse-schmitt-kollektiv.de\/wp-content\/uploads\/2024\/11\/PETER-PAN_HP_29-09-21_AKO_0287-260x185.jpg 260w, https:\/\/analyse-schmitt-kollektiv.de\/wp-content\/uploads\/2024\/11\/PETER-PAN_HP_29-09-21_AKO_0287-18x12.jpg 18w\" sizes=\"(max-width: 260px) 100vw, 260px\" \/><\/a><div class=\"slide-content\"><header class=\"entry-content-header\"><span class=\"blog-categories minor-meta\"><a href=\"https:\/\/analyse-schmitt-kollektiv.de\/en\/projekte\/category\/allgemein\/\" rel=\"tag\">Allgemein<\/a> <\/span><h3 class='slide-entry-title entry-title'  itemprop=\"headline\" ><a href='https:\/\/analyse-schmitt-kollektiv.de\/en\/projekte\/peterpan\/' title='Peter Pan'>Peter Pan<\/a><\/h3><span class=\"av-vertical-delimiter\"><\/span><\/header><div class='slide-entry-excerpt entry-content'  itemprop=\"text\" >An interactive theatre piece for children aged 8 and up, designed to travel light and be performed in almost any setting.<div class=\"read-more-link\"><a href=\"https:\/\/analyse-schmitt-kollektiv.de\/en\/projekte\/peterpan\/\" class=\"more-link\">Read more<span class=\"more-link-arrow\"><\/span><\/a><\/div><\/div><\/div><footer class=\"entry-footer\"><div class=\"slide-meta\"><time class='slide-meta-time updated'  itemprop=\"datePublished\" datetime=\"2024-11-03T14:30:46+01:00\" >3. November 2024<\/time><\/div><\/footer><span class='hidden'>\n\t\t\t\t<span class='av-structured-data'  itemprop=\"image\" itemscope=\"itemscope\" itemtype=\"https:\/\/schema.org\/ImageObject\" >\n\t\t\t\t\t\t<span itemprop='url'>https:\/\/analyse-schmitt-kollektiv.de\/wp-content\/uploads\/2024\/11\/PETER-PAN_HP_29-09-21_AKO_0287-scaled.jpg<\/span>\n\t\t\t\t\t\t<span itemprop='height'>1703<\/span>\n\t\t\t\t\t\t<span itemprop='width'>2560<\/span>\n\t\t\t\t<\/span>\n\t\t\t\t<span class='av-structured-data'  itemprop=\"publisher\" itemtype=\"https:\/\/schema.org\/Organization\" itemscope=\"itemscope\" >\n\t\t\t\t\t\t<span itemprop='name'>mariekeweisser<\/span>\n\t\t\t\t\t\t<span itemprop='logo' itemscope itemtype='https:\/\/schema.org\/ImageObject'>\n\t\t\t\t\t\t\t<span itemprop='url'>https:\/\/analyse-schmitt-kollektiv.de\/wp-content\/uploads\/2024\/11\/logo-analyse-schmitt-final-zugeschnitten-300x205.png<\/span>\n\t\t\t\t\t\t<\/span>\n\t\t\t\t<\/span><span class='av-structured-data'  itemprop=\"author\" itemscope=\"itemscope\" itemtype=\"https:\/\/schema.org\/Person\" ><span itemprop='name'>mariekeweisser<\/span><\/span><span class='av-structured-data'  itemprop=\"datePublished\" datetime=\"2024-11-03T15:05:29+01:00\" >2024-11-03 14:30:46<\/span><span class='av-structured-data'  itemprop=\"dateModified\" itemtype=\"https:\/\/schema.org\/dateModified\" >2026-04-02 13:05:25<\/span><span class='av-structured-data'  itemprop=\"mainEntityOfPage\" itemtype=\"https:\/\/schema.org\/mainEntityOfPage\" ><span itemprop='name'>Peter Pan<\/span><\/span><\/span><\/article><\/div><\/div><\/div>","protected":false},"excerpt":{"rendered":"","protected":false},"author":1,"featured_media":482,"parent":0,"menu_order":0,"comment_status":"closed","ping_status":"closed","template":"","meta":{"footnotes":""},"class_list":["post-26","page","type-page","status-publish","has-post-thumbnail","hentry"],"yoast_head":"<!-- This site is optimized with the Yoast SEO plugin v27.5 - https:\/\/yoast.com\/product\/yoast-seo-wordpress\/ -->\n<title>Projekte - analyse schmitt kollektiv<\/title>\n<meta name=\"description\" content=\"Das analyse schmitt kollektiv arbeitet in seinen Produktionen mit unterschiedlichen K\u00fcnstler*innen zusammen.\" \/>\n<meta name=\"robots\" content=\"index, follow, max-snippet:-1, max-image-preview:large, max-video-preview:-1\" \/>\n<link rel=\"canonical\" href=\"https:\/\/analyse-schmitt-kollektiv.de\/en\/projekte\/\" \/>\n<meta property=\"og:locale\" content=\"en_US\" \/>\n<meta property=\"og:type\" content=\"article\" \/>\n<meta property=\"og:title\" content=\"Projekte - analyse schmitt kollektiv\" \/>\n<meta property=\"og:description\" content=\"Das analyse schmitt kollektiv arbeitet in seinen Produktionen mit unterschiedlichen K\u00fcnstler*innen zusammen.\" \/>\n<meta property=\"og:url\" content=\"https:\/\/analyse-schmitt-kollektiv.de\/en\/projekte\/\" \/>\n<meta property=\"og:site_name\" content=\"analyse schmitt kollektiv\" \/>\n<meta property=\"article:modified_time\" content=\"2025-08-19T07:35:24+00:00\" \/>\n<meta property=\"og:image\" content=\"https:\/\/analyse-schmitt-kollektiv.de\/wp-content\/uploads\/2025\/08\/092_analyse_schmitt_kollektiv_03-04-24_AKO-687x1030.jpg\" \/>\n\t<meta property=\"og:image:width\" content=\"687\" \/>\n\t<meta property=\"og:image:height\" content=\"1030\" \/>\n\t<meta property=\"og:image:type\" content=\"image\/jpeg\" \/>\n<meta name=\"twitter:card\" content=\"summary_large_image\" \/>\n<meta name=\"twitter:label1\" content=\"Est. reading time\" \/>\n\t<meta name=\"twitter:data1\" content=\"2 minutes\" \/>\n<script type=\"application\/ld+json\" class=\"yoast-schema-graph\">{\"@context\":\"https:\\\/\\\/schema.org\",\"@graph\":[{\"@type\":\"WebPage\",\"@id\":\"https:\\\/\\\/analyse-schmitt-kollektiv.de\\\/projekte\\\/\",\"url\":\"https:\\\/\\\/analyse-schmitt-kollektiv.de\\\/projekte\\\/\",\"name\":\"Projekte - analyse schmitt kollektiv\",\"isPartOf\":{\"@id\":\"https:\\\/\\\/analyse-schmitt-kollektiv.de\\\/#website\"},\"primaryImageOfPage\":{\"@id\":\"https:\\\/\\\/analyse-schmitt-kollektiv.de\\\/projekte\\\/#primaryimage\"},\"image\":{\"@id\":\"https:\\\/\\\/analyse-schmitt-kollektiv.de\\\/projekte\\\/#primaryimage\"},\"thumbnailUrl\":\"https:\\\/\\\/analyse-schmitt-kollektiv.de\\\/wp-content\\\/uploads\\\/2025\\\/08\\\/092_analyse_schmitt_kollektiv_03-04-24_AKO-scaled.jpg\",\"datePublished\":\"2024-11-03T14:05:29+00:00\",\"dateModified\":\"2025-08-19T07:35:24+00:00\",\"description\":\"Das analyse schmitt kollektiv arbeitet in seinen Produktionen mit unterschiedlichen K\u00fcnstler*innen zusammen.\",\"breadcrumb\":{\"@id\":\"https:\\\/\\\/analyse-schmitt-kollektiv.de\\\/projekte\\\/#breadcrumb\"},\"inLanguage\":\"en-US\",\"potentialAction\":[{\"@type\":\"ReadAction\",\"target\":[\"https:\\\/\\\/analyse-schmitt-kollektiv.de\\\/projekte\\\/\"]}]},{\"@type\":\"ImageObject\",\"inLanguage\":\"en-US\",\"@id\":\"https:\\\/\\\/analyse-schmitt-kollektiv.de\\\/projekte\\\/#primaryimage\",\"url\":\"https:\\\/\\\/analyse-schmitt-kollektiv.de\\\/wp-content\\\/uploads\\\/2025\\\/08\\\/092_analyse_schmitt_kollektiv_03-04-24_AKO-scaled.jpg\",\"contentUrl\":\"https:\\\/\\\/analyse-schmitt-kollektiv.de\\\/wp-content\\\/uploads\\\/2025\\\/08\\\/092_analyse_schmitt_kollektiv_03-04-24_AKO-scaled.jpg\",\"width\":1707,\"height\":2560,\"caption\":\"www.arnokohlem.com\"},{\"@type\":\"BreadcrumbList\",\"@id\":\"https:\\\/\\\/analyse-schmitt-kollektiv.de\\\/projekte\\\/#breadcrumb\",\"itemListElement\":[{\"@type\":\"ListItem\",\"position\":1,\"name\":\"Startseite\",\"item\":\"https:\\\/\\\/analyse-schmitt-kollektiv.de\\\/beispiel-seite-2\\\/\"},{\"@type\":\"ListItem\",\"position\":2,\"name\":\"Projekte\"}]},{\"@type\":\"WebSite\",\"@id\":\"https:\\\/\\\/analyse-schmitt-kollektiv.de\\\/#website\",\"url\":\"https:\\\/\\\/analyse-schmitt-kollektiv.de\\\/\",\"name\":\"analyse schmitt kollektiv\",\"description\":\"\",\"potentialAction\":[{\"@type\":\"SearchAction\",\"target\":{\"@type\":\"EntryPoint\",\"urlTemplate\":\"https:\\\/\\\/analyse-schmitt-kollektiv.de\\\/?s={search_term_string}\"},\"query-input\":{\"@type\":\"PropertyValueSpecification\",\"valueRequired\":true,\"valueName\":\"search_term_string\"}}],\"inLanguage\":\"en-US\"}]}<\/script>\n<!-- \/ Yoast SEO plugin. -->","yoast_head_json":{"title":"Projekte - analyse schmitt kollektiv","description":"Das analyse schmitt kollektiv arbeitet in seinen Produktionen mit unterschiedlichen K\u00fcnstler*innen zusammen.","robots":{"index":"index","follow":"follow","max-snippet":"max-snippet:-1","max-image-preview":"max-image-preview:large","max-video-preview":"max-video-preview:-1"},"canonical":"https:\/\/analyse-schmitt-kollektiv.de\/en\/projekte\/","og_locale":"en_US","og_type":"article","og_title":"Projekte - analyse schmitt kollektiv","og_description":"Das analyse schmitt kollektiv arbeitet in seinen Produktionen mit unterschiedlichen K\u00fcnstler*innen zusammen.","og_url":"https:\/\/analyse-schmitt-kollektiv.de\/en\/projekte\/","og_site_name":"analyse schmitt kollektiv","article_modified_time":"2025-08-19T07:35:24+00:00","og_image":[{"width":687,"height":1030,"url":"https:\/\/analyse-schmitt-kollektiv.de\/wp-content\/uploads\/2025\/08\/092_analyse_schmitt_kollektiv_03-04-24_AKO-687x1030.jpg","type":"image\/jpeg"}],"twitter_card":"summary_large_image","twitter_misc":{"Est. reading time":"2 minutes"},"schema":{"@context":"https:\/\/schema.org","@graph":[{"@type":"WebPage","@id":"https:\/\/analyse-schmitt-kollektiv.de\/projekte\/","url":"https:\/\/analyse-schmitt-kollektiv.de\/projekte\/","name":"Projekte - analyse schmitt kollektiv","isPartOf":{"@id":"https:\/\/analyse-schmitt-kollektiv.de\/#website"},"primaryImageOfPage":{"@id":"https:\/\/analyse-schmitt-kollektiv.de\/projekte\/#primaryimage"},"image":{"@id":"https:\/\/analyse-schmitt-kollektiv.de\/projekte\/#primaryimage"},"thumbnailUrl":"https:\/\/analyse-schmitt-kollektiv.de\/wp-content\/uploads\/2025\/08\/092_analyse_schmitt_kollektiv_03-04-24_AKO-scaled.jpg","datePublished":"2024-11-03T14:05:29+00:00","dateModified":"2025-08-19T07:35:24+00:00","description":"Das analyse schmitt kollektiv arbeitet in seinen Produktionen mit unterschiedlichen K\u00fcnstler*innen zusammen.","breadcrumb":{"@id":"https:\/\/analyse-schmitt-kollektiv.de\/projekte\/#breadcrumb"},"inLanguage":"en-US","potentialAction":[{"@type":"ReadAction","target":["https:\/\/analyse-schmitt-kollektiv.de\/projekte\/"]}]},{"@type":"ImageObject","inLanguage":"en-US","@id":"https:\/\/analyse-schmitt-kollektiv.de\/projekte\/#primaryimage","url":"https:\/\/analyse-schmitt-kollektiv.de\/wp-content\/uploads\/2025\/08\/092_analyse_schmitt_kollektiv_03-04-24_AKO-scaled.jpg","contentUrl":"https:\/\/analyse-schmitt-kollektiv.de\/wp-content\/uploads\/2025\/08\/092_analyse_schmitt_kollektiv_03-04-24_AKO-scaled.jpg","width":1707,"height":2560,"caption":"www.arnokohlem.com"},{"@type":"BreadcrumbList","@id":"https:\/\/analyse-schmitt-kollektiv.de\/projekte\/#breadcrumb","itemListElement":[{"@type":"ListItem","position":1,"name":"Startseite","item":"https:\/\/analyse-schmitt-kollektiv.de\/beispiel-seite-2\/"},{"@type":"ListItem","position":2,"name":"Projekte"}]},{"@type":"WebSite","@id":"https:\/\/analyse-schmitt-kollektiv.de\/#website","url":"https:\/\/analyse-schmitt-kollektiv.de\/","name":"analyse schmitt kollektiv","description":"","potentialAction":[{"@type":"SearchAction","target":{"@type":"EntryPoint","urlTemplate":"https:\/\/analyse-schmitt-kollektiv.de\/?s={search_term_string}"},"query-input":{"@type":"PropertyValueSpecification","valueRequired":true,"valueName":"search_term_string"}}],"inLanguage":"en-US"}]}},"_links":{"self":[{"href":"https:\/\/analyse-schmitt-kollektiv.de\/en\/wp-json\/wp\/v2\/pages\/26","targetHints":{"allow":["GET"]}}],"collection":[{"href":"https:\/\/analyse-schmitt-kollektiv.de\/en\/wp-json\/wp\/v2\/pages"}],"about":[{"href":"https:\/\/analyse-schmitt-kollektiv.de\/en\/wp-json\/wp\/v2\/types\/page"}],"author":[{"embeddable":true,"href":"https:\/\/analyse-schmitt-kollektiv.de\/en\/wp-json\/wp\/v2\/users\/1"}],"replies":[{"embeddable":true,"href":"https:\/\/analyse-schmitt-kollektiv.de\/en\/wp-json\/wp\/v2\/comments?post=26"}],"version-history":[{"count":8,"href":"https:\/\/analyse-schmitt-kollektiv.de\/en\/wp-json\/wp\/v2\/pages\/26\/revisions"}],"predecessor-version":[{"id":851,"href":"https:\/\/analyse-schmitt-kollektiv.de\/en\/wp-json\/wp\/v2\/pages\/26\/revisions\/851"}],"wp:featuredmedia":[{"embeddable":true,"href":"https:\/\/analyse-schmitt-kollektiv.de\/en\/wp-json\/wp\/v2\/media\/482"}],"wp:attachment":[{"href":"https:\/\/analyse-schmitt-kollektiv.de\/en\/wp-json\/wp\/v2\/media?parent=26"}],"curies":[{"name":"wp","href":"https:\/\/api.w.org\/{rel}","templated":true}]}}